{"id":3,"date":"2025-06-04T10:14:35","date_gmt":"2025-06-04T13:14:35","guid":{"rendered":"http:\/\/bittencourtrodrigues.adv.br\/?page_id=3"},"modified":"2025-06-05T09:26:16","modified_gmt":"2025-06-05T12:26:16","slug":"politica-de-privacidade","status":"publish","type":"page","link":"https:\/\/bittencourtrodrigues.adv.br\/?page_id=3","title":{"rendered":"Pol\u00edtica de privacidade"},"content":{"rendered":"\n<h2 class=\"wp-block-heading\">Quem somos<\/h2>\n\n\n\n<p>O endere\u00e7o do nosso site \u00e9: <a class=\"\" href=\"https:\/\/bittencourtrodrigues.adv.br\">https:\/\/bittencourtrodrigues.adv.br<\/a>.<br>A Bittencourt &amp; Rodrigues Advocacia \u2013 Sociedade Unipessoal \u00e9 um escrit\u00f3rio de advocacia com atua\u00e7\u00e3o \u00e9tica e comprometida com a privacidade e a prote\u00e7\u00e3o de dados pessoais.<\/p>\n\n\n\n<p><\/p>\n\n\n\n<h2 class=\"wp-block-heading\">Coment\u00e1rios<\/h2>\n\n\n\n<p>Quando os visitantes deixam coment\u00e1rios no site, coletamos os dados exibidos no formul\u00e1rio de coment\u00e1rios, al\u00e9m do endere\u00e7o de IP e dados do navegador, com a finalidade exclusiva de auxiliar na detec\u00e7\u00e3o de spam.<\/p>\n\n\n\n<p>Uma sequ\u00eancia anonimizada de caracteres (hash) criada a partir do seu e-mail pode ser enviada ao servi\u00e7o Gravatar para verificar se voc\u00ea o utiliza. A pol\u00edtica de privacidade do Gravatar est\u00e1 dispon\u00edvel em: <a class=\"\" href=\"https:\/\/automattic.com\/privacy\/\">https:\/\/automattic.com\/privacy\/<\/a>. Ap\u00f3s aprova\u00e7\u00e3o do coment\u00e1rio, a imagem do seu perfil (se houver) ficar\u00e1 vis\u00edvel publicamente ao lado dele.<\/p>\n\n\n\n<p><\/p>\n\n\n\n<h2 class=\"wp-block-heading\">M\u00eddia<\/h2>\n\n\n\n<p>Caso envie imagens ao site, evite incluir dados de localiza\u00e7\u00e3o incorporados (EXIF GPS). Visitantes do site podem baixar imagens e extrair esses dados.<\/p>\n\n\n\n<p><\/p>\n\n\n\n<h2 class=\"wp-block-heading\">Cookies<\/h2>\n\n\n\n<p>Ao deixar um coment\u00e1rio, voc\u00ea pode optar por salvar seu nome, e-mail e site nos cookies, para sua comodidade em futuros coment\u00e1rios. Esses cookies duram um ano.<\/p>\n\n\n\n<p>Se voc\u00ea tiver uma conta e acessar este site, um cookie tempor\u00e1rio ser\u00e1 criado para verificar se seu navegador aceita cookies. Esse cookie n\u00e3o cont\u00e9m dados pessoais e \u00e9 descartado ao fechar o navegador.<\/p>\n\n\n\n<p>Cookies de login s\u00e3o mantidos por dois dias (ou duas semanas, se a op\u00e7\u00e3o &#8220;Lembrar-me&#8221; for selecionada) e cookies de prefer\u00eancias de tela por um ano. Ao sair da conta, os cookies de login s\u00e3o exclu\u00eddos.<\/p>\n\n\n\n<p>Se voc\u00ea editar ou publicar um artigo, um cookie adicional ser\u00e1 armazenado no navegador. Este cookie n\u00e3o cont\u00e9m dados pessoais e apenas identifica o ID do post, expirando ap\u00f3s um dia.<\/p>\n\n\n\n<p><\/p>\n\n\n\n<h2 class=\"wp-block-heading\">M\u00eddia incorporada de outros sites<\/h2>\n\n\n\n<p>Artigos neste site podem conter conte\u00fado incorporado (v\u00eddeos, imagens, textos etc.). O conte\u00fado incorporado de outros sites se comporta da mesma maneira como se voc\u00ea estivesse visitando o site de origem.<\/p>\n\n\n\n<p>Esses sites podem coletar dados, utilizar cookies, incorporar rastreamento de terceiros e monitorar sua intera\u00e7\u00e3o com o conte\u00fado incorporado, inclusive se voc\u00ea tiver conta e estiver logado no site em quest\u00e3o.<\/p>\n\n\n\n<p><\/p>\n\n\n\n<h2 class=\"wp-block-heading\">Com quem compartilhamos seus dados<\/h2>\n\n\n\n<p><strong>N\u00e3o compartilhamos seus dados com terceiros.<\/strong><br>A \u00fanica exce\u00e7\u00e3o ocorre se voc\u00ea solicitar a redefini\u00e7\u00e3o de senha: nesse caso, o IP ser\u00e1 inclu\u00eddo no e-mail de redefini\u00e7\u00e3o por motivos de seguran\u00e7a.<\/p>\n\n\n\n<p><\/p>\n\n\n\n<h2 class=\"wp-block-heading\">Por quanto tempo mantemos os seus dados<\/h2>\n\n\n\n<p>Coment\u00e1rios e metadados s\u00e3o armazenados indefinidamente para que coment\u00e1rios subsequentes sejam automaticamente reconhecidos e aprovados.<\/p>\n\n\n\n<p>Se houver registro de usu\u00e1rios, as informa\u00e7\u00f5es fornecidas s\u00e3o armazenadas no perfil do usu\u00e1rio, e podem ser visualizadas, editadas ou exclu\u00eddas a qualquer momento. Apenas o nome de usu\u00e1rio n\u00e3o pode ser alterado. Administradores do site tamb\u00e9m podem acessar e editar essas informa\u00e7\u00f5es.<\/p>\n\n\n\n<p><\/p>\n\n\n\n<h2 class=\"wp-block-heading\">Quais os seus direitos sobre seus dados<\/h2>\n\n\n\n<p>Se voc\u00ea tem uma conta neste site ou j\u00e1 deixou coment\u00e1rios, pode solicitar um arquivo com os dados pessoais que armazenamos sobre voc\u00ea, inclusive informa\u00e7\u00f5es fornecidas. Tamb\u00e9m pode solicitar a exclus\u00e3o de seus dados.<br>Isso n\u00e3o inclui informa\u00e7\u00f5es que somos obrigados a manter por quest\u00f5es legais, administrativas ou de seguran\u00e7a.<\/p>\n\n\n\n<p>Solicita\u00e7\u00f5es podem ser feitas pelo e-mail: <strong><a href=\"mailto:atendimento@bittencourtrodrigues.adv.br\">atendimento@bittencourtrodrigues.adv.br<\/a><\/strong><\/p>\n\n\n\n<p><\/p>\n\n\n\n<h2 class=\"wp-block-heading\">Para onde seus dados s\u00e3o enviados<\/h2>\n\n\n\n<p>Coment\u00e1rios podem ser analisados por um sistema automatizado de detec\u00e7\u00e3o de spam. Nenhum dado \u00e9 transferido a terceiros para fins comerciais, publicit\u00e1rios ou de compartilhamento externo.<\/p>\n\n\n\n<p><\/p>\n\n\n\n<p><strong>\u00daltima atualiza\u00e7\u00e3o:<\/strong> junho de 2025.<\/p>\n\n\n\n<p><\/p>\n","protected":false},"excerpt":{"rendered":"<p>Quem somos O endere\u00e7o do nosso site \u00e9: https:\/\/bittencourtrodrigues.adv.br.A Bittencourt &amp; Rodrigues Advocacia \u2013 Sociedade Unipessoal \u00e9 um escrit\u00f3rio de advocacia com atua\u00e7\u00e3o \u00e9tica e comprometida com a privacidade e a prote\u00e7\u00e3o de dados pessoais. Coment\u00e1rios Quando os visitantes deixam coment\u00e1rios no site, coletamos os dados exibidos no formul\u00e1rio de coment\u00e1rios, al\u00e9m do endere\u00e7o de [&hellip;]<\/p>\n","protected":false},"author":1,"featured_media":0,"parent":0,"menu_order":0,"comment_status":"closed","ping_status":"open","template":"","meta":{"footnotes":""},"class_list":["post-3","page","type-page","status-publish","hentry"],"_links":{"self":[{"href":"https:\/\/bittencourtrodrigues.adv.br\/index.php?rest_route=\/wp\/v2\/pages\/3","targetHints":{"allow":["GET"]}}],"collection":[{"href":"https:\/\/bittencourtrodrigues.adv.br\/index.php?rest_route=\/wp\/v2\/pages"}],"about":[{"href":"https:\/\/bittencourtrodrigues.adv.br\/index.php?rest_route=\/wp\/v2\/types\/page"}],"author":[{"embeddable":true,"href":"https:\/\/bittencourtrodrigues.adv.br\/index.php?rest_route=\/wp\/v2\/users\/1"}],"replies":[{"embeddable":true,"href":"https:\/\/bittencourtrodrigues.adv.br\/index.php?rest_route=%2Fwp%2Fv2%2Fcomments&post=3"}],"version-history":[{"count":1,"href":"https:\/\/bittencourtrodrigues.adv.br\/index.php?rest_route=\/wp\/v2\/pages\/3\/revisions"}],"predecessor-version":[{"id":48,"href":"https:\/\/bittencourtrodrigues.adv.br\/index.php?rest_route=\/wp\/v2\/pages\/3\/revisions\/48"}],"wp:attachment":[{"href":"https:\/\/bittencourtrodrigues.adv.br\/index.php?rest_route=%2Fwp%2Fv2%2Fmedia&parent=3"}],"curies":[{"name":"wp","href":"https:\/\/api.w.org\/{rel}","templated":true}]}}